{"id":12,"date":"2018-05-07T11:19:21","date_gmt":"2018-05-07T11:19:21","guid":{"rendered":"http:\/\/fractalsolution.ca\/?page_id=12"},"modified":"2022-05-31T00:39:40","modified_gmt":"2022-05-31T00:39:40","slug":"nous","status":"publish","type":"page","link":"https:\/\/fractalsolution.ca\/en\/nous\/","title":{"rendered":"About us"},"content":{"rendered":"<p>Fractal Real Estate is a family business born out of a common desire to help people.<\/p>\n<p>With dedication, empathy and respect, we work with you so that you can make your dream come true.<\/p>\n<p>With more than 15 years of family experience in residential real estate, we want to develop a market little known in Quebec: Rent to own.<\/p>\n<p>Fractal Real Estate has surrounded itself with seasoned associates in the rent to own market to help you get your home occupied faster.<\/p>\n<p>Pour ce faire, nous mettons \u00e0 votre service notre&nbsp; \u00e9quipe de professionnels compos\u00e9e de courtiers immobiliers, de courtiers hypoth\u00e9caire et de notaires afin de vous permette d&rsquo;acc\u00e9der \u00e0 votre petit nid douillet plus rapidement.<\/p>\n\n<table id=\"tablepress-1\" class=\"tablepress tablepress-id-1\">\n<tbody>\n<tr class=\"row-1\">\n\t<td class=\"column-1\"><p style=\"text-align:left;\"><strong>ALBERT<\/strong><br \/>\n<\/p><br \/>\nAlbert is the creative force of the duo. With a doctorate in chemical engineering from the University of Ottawa and training from \u00c9NAP, he is the driving force. <br \/>\nHe absolutely could not do without his wife, his children, nature and science!<br \/>\n<img src=\"https:\/\/i0.wp.com\/fractalsolution.ca\/wp-content\/uploads\/2018\/09\/2018_07_28_8142-E_-8142-200x300.jpg?resize=200%2C300\" alt=\"\" width=\"200\" height=\"300\" class=\"alignnone size-medium wp-image-232\" data-recalc-dims=\"1\" \/><\/td>\n<\/tr>\n<tr class=\"row-2\">\n\t<td class=\"column-1\"><p style=\"text-align:right;\"><strong>ANNIE<\/strong><\/p><br \/>\nAnnie is inspired by nature and the smiles of people. She is the heart of the business.<br \/>\nShe couldn't do without her spouse (whom she adores), her children, her bees, birds, flowers and butterflies.<br \/>\n<img src=\"https:\/\/i0.wp.com\/fractalsolution.ca\/wp-content\/uploads\/2018\/09\/2018_07_28_8090-E_-8090-E_-8090-200x300.jpg?resize=200%2C300\" alt=\"\" align=\"right\"width=\"200\" height=\"300\" class=\"img-alignright size-medium wp-image-231\" data-recalc-dims=\"1\" \/><\/td>\n<\/tr>\n<\/tbody>\n<\/table>\n<!-- #tablepress-1 from cache -->\n<p><img decoding=\"async\" loading=\"lazy\" class=\"size-medium wp-image-233 alignleft\" src=\"https:\/\/i0.wp.com\/fractalsolution.ca\/wp-content\/uploads\/2018\/09\/2018_07_28_8109-E_-8109-200x300.jpg?resize=200%2C300\" alt=\"\" width=\"200\" height=\"300\" srcset=\"https:\/\/i0.wp.com\/fractalsolution.ca\/wp-content\/uploads\/2018\/09\/2018_07_28_8109-E_-8109.jpg?resize=200%2C300&amp;ssl=1 200w, https:\/\/i0.wp.com\/fractalsolution.ca\/wp-content\/uploads\/2018\/09\/2018_07_28_8109-E_-8109.jpg?w=667&amp;ssl=1 667w\" sizes=\"(max-width: 200px) 100vw, 200px\" data-recalc-dims=\"1\" \/><img decoding=\"async\" loading=\"lazy\" class=\"size-medium wp-image-234 alignright\" style=\"font-size: 1rem;\" src=\"https:\/\/i0.wp.com\/fractalsolution.ca\/wp-content\/uploads\/2018\/09\/2018_07_28_8123-E_-8123-200x300.jpg?resize=200%2C300\" alt=\"\" width=\"200\" height=\"300\" srcset=\"https:\/\/i0.wp.com\/fractalsolution.ca\/wp-content\/uploads\/2018\/09\/2018_07_28_8123-E_-8123.jpg?resize=200%2C300&amp;ssl=1 200w, https:\/\/i0.wp.com\/fractalsolution.ca\/wp-content\/uploads\/2018\/09\/2018_07_28_8123-E_-8123.jpg?w=667&amp;ssl=1 667w\" sizes=\"(max-width: 200px) 100vw, 200px\" data-recalc-dims=\"1\" \/><\/p>","protected":false},"excerpt":{"rendered":"<p>Fractal immobilier, c\u2019est une entreprise familiale n\u00e9e d\u2019un d\u00e9sir commun d\u2019aider les gens. Avec d\u00e9vouement, empathie et respect, nous travaillons avec vous afin que vous puissiez r\u00e9aliser votre r\u00eave. Fort d\u2019une exp\u00e9rience familiale en immobilier r\u00e9sidentielle de plus de 15 ans, nous d\u00e9sirons d\u00e9velopper un march\u00e9 peu connu au Qu\u00e9bec : La location achat. Fractal &hellip; <\/p>\n<p class=\"link-more\"><a href=\"https:\/\/fractalsolution.ca\/en\/nous\/\" class=\"more-link\">Continue reading<span class=\"screen-reader-text\"> &laquo; \u00c0 propos de nous &raquo;<\/span><\/a><\/p>","protected":false},"author":1,"featured_media":41,"parent":0,"menu_order":0,"comment_status":"closed","ping_status":"closed","template":"","meta":{"_monsterinsights_skip_tracking":false,"_monsterinsights_sitenote_active":false,"_monsterinsights_sitenote_note":"","_monsterinsights_sitenote_category":0},"_links":{"self":[{"href":"https:\/\/fractalsolution.ca\/en\/wp-json\/wp\/v2\/pages\/12"}],"collection":[{"href":"https:\/\/fractalsolution.ca\/en\/wp-json\/wp\/v2\/pages"}],"about":[{"href":"https:\/\/fractalsolution.ca\/en\/wp-json\/wp\/v2\/types\/page"}],"author":[{"embeddable":true,"href":"https:\/\/fractalsolution.ca\/en\/wp-json\/wp\/v2\/users\/1"}],"replies":[{"embeddable":true,"href":"https:\/\/fractalsolution.ca\/en\/wp-json\/wp\/v2\/comments?post=12"}],"version-history":[{"count":9,"href":"https:\/\/fractalsolution.ca\/en\/wp-json\/wp\/v2\/pages\/12\/revisions"}],"predecessor-version":[{"id":585,"href":"https:\/\/fractalsolution.ca\/en\/wp-json\/wp\/v2\/pages\/12\/revisions\/585"}],"wp:featuredmedia":[{"embeddable":true,"href":"https:\/\/fractalsolution.ca\/en\/wp-json\/wp\/v2\/media\/41"}],"wp:attachment":[{"href":"https:\/\/fractalsolution.ca\/en\/wp-json\/wp\/v2\/media?parent=12"}],"curies":[{"name":"wp","href":"https:\/\/api.w.org\/{rel}","templated":true}]}}