{"id":13,"date":"2018-05-07T11:19:22","date_gmt":"2018-05-07T11:19:22","guid":{"rendered":"http:\/\/fractalsolution.ca\/?page_id=13"},"modified":"2019-03-31T00:44:02","modified_gmt":"2019-03-31T00:44:02","slug":"contact","status":"publish","type":"page","link":"https:\/\/fractalsolution.ca\/en\/contact\/","title":{"rendered":"Contact us"},"content":{"rendered":"<p>N&rsquo;h\u00e9sitez pas \u00e0 nous \u00e9crire ou \u00e0 nous t\u00e9l\u00e9phoner! <\/p>","protected":false},"excerpt":{"rendered":"<p>N&rsquo;h\u00e9sitez pas \u00e0 nous \u00e9crire ou \u00e0 nous t\u00e9l\u00e9phoner!<\/p>","protected":false},"author":1,"featured_media":43,"parent":0,"menu_order":0,"comment_status":"closed","ping_status":"closed","template":"","meta":{"_monsterinsights_skip_tracking":false,"_monsterinsights_sitenote_active":false,"_monsterinsights_sitenote_note":"","_monsterinsights_sitenote_category":0},"_links":{"self":[{"href":"https:\/\/fractalsolution.ca\/en\/wp-json\/wp\/v2\/pages\/13"}],"collection":[{"href":"https:\/\/fractalsolution.ca\/en\/wp-json\/wp\/v2\/pages"}],"about":[{"href":"https:\/\/fractalsolution.ca\/en\/wp-json\/wp\/v2\/types\/page"}],"author":[{"embeddable":true,"href":"https:\/\/fractalsolution.ca\/en\/wp-json\/wp\/v2\/users\/1"}],"replies":[{"embeddable":true,"href":"https:\/\/fractalsolution.ca\/en\/wp-json\/wp\/v2\/comments?post=13"}],"version-history":[{"count":5,"href":"https:\/\/fractalsolution.ca\/en\/wp-json\/wp\/v2\/pages\/13\/revisions"}],"predecessor-version":[{"id":261,"href":"https:\/\/fractalsolution.ca\/en\/wp-json\/wp\/v2\/pages\/13\/revisions\/261"}],"wp:featuredmedia":[{"embeddable":true,"href":"https:\/\/fractalsolution.ca\/en\/wp-json\/wp\/v2\/media\/43"}],"wp:attachment":[{"href":"https:\/\/fractalsolution.ca\/en\/wp-json\/wp\/v2\/media?parent=13"}],"curies":[{"name":"wp","href":"https:\/\/api.w.org\/{rel}","templated":true}]}}