{"id":15,"date":"2018-05-07T11:19:22","date_gmt":"2018-05-07T11:19:22","guid":{"rendered":"http:\/\/fractalsolution.ca\/?page_id=15"},"modified":"2022-03-18T13:58:42","modified_gmt":"2022-03-18T13:58:42","slug":"investisseurs","status":"publish","type":"page","link":"https:\/\/fractalsolution.ca\/en\/investisseurs\/","title":{"rendered":"Investors"},"content":{"rendered":"<h1><img decoding=\"async\" loading=\"lazy\" class=\"alignnone size-medium wp-image-164\" src=\"https:\/\/i0.wp.com\/fractalsolution.ca\/wp-content\/uploads\/2018\/05\/rawpixel-565456-unsplash-300x200.jpg?resize=300%2C200\" alt=\"\" width=\"300\" height=\"200\" srcset=\"https:\/\/i0.wp.com\/fractalsolution.ca\/wp-content\/uploads\/2018\/05\/rawpixel-565456-unsplash.jpg?resize=300%2C200&amp;ssl=1 300w, https:\/\/i0.wp.com\/fractalsolution.ca\/wp-content\/uploads\/2018\/05\/rawpixel-565456-unsplash.jpg?resize=768%2C512&amp;ssl=1 768w, https:\/\/i0.wp.com\/fractalsolution.ca\/wp-content\/uploads\/2018\/05\/rawpixel-565456-unsplash.jpg?resize=1024%2C683&amp;ssl=1 1024w, https:\/\/i0.wp.com\/fractalsolution.ca\/wp-content\/uploads\/2018\/05\/rawpixel-565456-unsplash.jpg?w=1575&amp;ssl=1 1575w\" sizes=\"(max-width: 300px) 100vw, 300px\" data-recalc-dims=\"1\" \/><\/h1>\n<p>We are always looking for partners who want to get involved in our projects.<\/p>\n<p>We would be pleased to meet with you to discuss how we can help you invest strategically in real estate.<br \/>\n<a href=\"mailto:information@fractalsolution.ca?Subject=Investorinquiry\" target=\"_top\" rel=\"noopener noreferrer\"><br \/>\nContact us!<\/a><\/p>","protected":false},"excerpt":{"rendered":"<p>Nous sommes toujours \u00e0 la recherche de partenaires d\u00e9sirant s&rsquo;impliquer dans nos projets. Il nous fera\u00a0 plaisir de vous rencontrer afin de discuter de la fa\u00e7on dont nous pouvons vous aider \u00e0 investir de fa\u00e7on strat\u00e9gique en immobilier. Communiquez avec nous!<\/p>","protected":false},"author":1,"featured_media":45,"parent":0,"menu_order":0,"comment_status":"closed","ping_status":"closed","template":"","meta":{"_monsterinsights_skip_tracking":false,"_monsterinsights_sitenote_active":false,"_monsterinsights_sitenote_note":"","_monsterinsights_sitenote_category":0},"_links":{"self":[{"href":"https:\/\/fractalsolution.ca\/en\/wp-json\/wp\/v2\/pages\/15"}],"collection":[{"href":"https:\/\/fractalsolution.ca\/en\/wp-json\/wp\/v2\/pages"}],"about":[{"href":"https:\/\/fractalsolution.ca\/en\/wp-json\/wp\/v2\/types\/page"}],"author":[{"embeddable":true,"href":"https:\/\/fractalsolution.ca\/en\/wp-json\/wp\/v2\/users\/1"}],"replies":[{"embeddable":true,"href":"https:\/\/fractalsolution.ca\/en\/wp-json\/wp\/v2\/comments?post=15"}],"version-history":[{"count":9,"href":"https:\/\/fractalsolution.ca\/en\/wp-json\/wp\/v2\/pages\/15\/revisions"}],"predecessor-version":[{"id":548,"href":"https:\/\/fractalsolution.ca\/en\/wp-json\/wp\/v2\/pages\/15\/revisions\/548"}],"wp:featuredmedia":[{"embeddable":true,"href":"https:\/\/fractalsolution.ca\/en\/wp-json\/wp\/v2\/media\/45"}],"wp:attachment":[{"href":"https:\/\/fractalsolution.ca\/en\/wp-json\/wp\/v2\/media?parent=15"}],"curies":[{"name":"wp","href":"https:\/\/api.w.org\/{rel}","templated":true}]}}