{"id":250,"date":"2019-03-31T00:54:27","date_gmt":"2019-03-31T00:54:27","guid":{"rendered":"http:\/\/fractalsolution.ca\/?page_id=250"},"modified":"2019-03-31T01:01:51","modified_gmt":"2019-03-31T01:01:51","slug":"vendre","status":"publish","type":"page","link":"https:\/\/fractalsolution.ca\/en\/vendre\/","title":{"rendered":"Sell your house"},"content":{"rendered":"<figure class=\"wp-block-image\"><img decoding=\"async\" loading=\"lazy\" width=\"525\" height=\"350\" src=\"https:\/\/i0.wp.com\/fractalsolution.ca\/wp-content\/uploads\/2019\/03\/craig-mclachlan-402808-unsplash-1024x683.jpg?resize=525%2C350\" alt=\"Image d'une maison avec arbre et coucher de soleil\" class=\"wp-image-251\" srcset=\"https:\/\/i0.wp.com\/fractalsolution.ca\/wp-content\/uploads\/2019\/03\/craig-mclachlan-402808-unsplash.jpg?resize=1024%2C683&amp;ssl=1 1024w, https:\/\/i0.wp.com\/fractalsolution.ca\/wp-content\/uploads\/2019\/03\/craig-mclachlan-402808-unsplash.jpg?resize=300%2C200&amp;ssl=1 300w, https:\/\/i0.wp.com\/fractalsolution.ca\/wp-content\/uploads\/2019\/03\/craig-mclachlan-402808-unsplash.jpg?resize=768%2C512&amp;ssl=1 768w, https:\/\/i0.wp.com\/fractalsolution.ca\/wp-content\/uploads\/2019\/03\/craig-mclachlan-402808-unsplash.jpg?w=1575&amp;ssl=1 1575w\" sizes=\"(max-width: 706px) 89vw, (max-width: 767px) 82vw, 740px\" data-recalc-dims=\"1\" \/><\/figure>\n\n\n\n<p>Vous d\u00e9sirez vendre votre maison?<\/p>\n\n\n\n<p>Nous sommes toujours \u00e0 la recherche de maisons, peu importe la condition de votre maison. <\/p>\n\n\n\n<p>Nos nombreux partenaires financiers, d\u00e9j\u00e0 pr\u00e9-approuv\u00e9s pour le financement hypoth\u00e9caire,  nous permettent de pouvoir acheter votre maison tr\u00e8s rapidement.<\/p>\n\n\n\n<p>Contactez-nous !<\/p>\n\n\n\n<p><strong><a class=\"maxbutton-1 maxbutton maxbutton-vendre\" href=\"http:\/\/fractalsolution.ca\/index.php\/contact\/\"><span class='mb-text'>Je veux vendre!<\/span><\/a><\/strong><\/p>\n\n\n\n<p><\/p>","protected":false},"excerpt":{"rendered":"<p>Vous d\u00e9sirez vendre votre maison? Nous sommes toujours \u00e0 la recherche de maisons, peu importe la condition de votre maison. Nos nombreux partenaires financiers, d\u00e9j\u00e0 pr\u00e9-approuv\u00e9s pour le financement hypoth\u00e9caire, nous permettent de pouvoir acheter votre maison tr\u00e8s rapidement. Contactez-nous !<\/p>","protected":false},"author":1,"featured_media":0,"parent":0,"menu_order":0,"comment_status":"closed","ping_status":"closed","template":"","meta":{"_monsterinsights_skip_tracking":false,"_monsterinsights_sitenote_active":false,"_monsterinsights_sitenote_note":"","_monsterinsights_sitenote_category":0},"_links":{"self":[{"href":"https:\/\/fractalsolution.ca\/en\/wp-json\/wp\/v2\/pages\/250"}],"collection":[{"href":"https:\/\/fractalsolution.ca\/en\/wp-json\/wp\/v2\/pages"}],"about":[{"href":"https:\/\/fractalsolution.ca\/en\/wp-json\/wp\/v2\/types\/page"}],"author":[{"embeddable":true,"href":"https:\/\/fractalsolution.ca\/en\/wp-json\/wp\/v2\/users\/1"}],"replies":[{"embeddable":true,"href":"https:\/\/fractalsolution.ca\/en\/wp-json\/wp\/v2\/comments?post=250"}],"version-history":[{"count":2,"href":"https:\/\/fractalsolution.ca\/en\/wp-json\/wp\/v2\/pages\/250\/revisions"}],"predecessor-version":[{"id":263,"href":"https:\/\/fractalsolution.ca\/en\/wp-json\/wp\/v2\/pages\/250\/revisions\/263"}],"wp:attachment":[{"href":"https:\/\/fractalsolution.ca\/en\/wp-json\/wp\/v2\/media?parent=250"}],"curies":[{"name":"wp","href":"https:\/\/api.w.org\/{rel}","templated":true}]}}