{"id":36,"date":"2018-05-17T22:24:21","date_gmt":"2018-05-17T22:24:21","guid":{"rendered":"http:\/\/fractalsolution.ca\/?page_id=36"},"modified":"2021-04-19T18:45:57","modified_gmt":"2021-04-19T18:45:57","slug":"formulaire","status":"publish","type":"page","link":"https:\/\/fractalsolution.ca\/en\/formulaire\/","title":{"rendered":"In your home now form"},"content":{"rendered":"\n<p id=\"block-92c121bc-42ca-4fa3-893b-29ec7525e3b2\"><br>Merci de remplir ce formulaire afin que nous puissions valider votre admissibilit\u00e9 au programme.<br><br><\/p>\n\n\n<div class=\"wpforms-container wpforms-container-full\" id=\"wpforms-35\"><form id=\"wpforms-form-35\" class=\"wpforms-validate wpforms-form\" data-formid=\"35\" method=\"post\" enctype=\"multipart\/form-data\" action=\"\/en\/wp-json\/wp\/v2\/pages\/36\" data-token=\"d241bdd8a14a087dbca1a0e5008e0dc7\"><noscript class=\"wpforms-error-noscript\">Please enable JavaScript in your browser to complete this form.<\/noscript><div class=\"wpforms-field-container\"><div id=\"wpforms-35-field_2-container\" class=\"wpforms-field wpforms-field-text\" data-field-id=\"2\"><label class=\"wpforms-field-label\" for=\"wpforms-35-field_2\">Pr\u00e9nom et nom du demandeur <span class=\"wpforms-required-label\">*<\/span><\/label><input type=\"text\" id=\"wpforms-35-field_2\" class=\"wpforms-field-large wpforms-field-required\" name=\"wpforms[fields][2]\" required><\/div><div id=\"wpforms-35-field_1-container\" class=\"wpforms-field wpforms-field-text\" data-field-id=\"1\"><label class=\"wpforms-field-label\" for=\"wpforms-35-field_1\">Pr\u00e9nom et Nom du co-demandeur<\/label><input type=\"text\" id=\"wpforms-35-field_1\" class=\"wpforms-field-large\" name=\"wpforms[fields][1]\" ><\/div><div id=\"wpforms-35-field_3-container\" class=\"wpforms-field wpforms-field-text wpforms-one-half wpforms-first\" data-field-id=\"3\"><label class=\"wpforms-field-label\" for=\"wpforms-35-field_3\">T\u00e9l\u00e9phone pour vous rejoindre <span class=\"wpforms-required-label\">*<\/span><\/label><input type=\"text\" id=\"wpforms-35-field_3\" class=\"wpforms-field-medium wpforms-field-required wpforms-masked-input\" data-inputmask-mask=\"+1 (999) 999-9999\" data-rule-empty-blanks=\"1\" name=\"wpforms[fields][3]\" required><\/div><div id=\"wpforms-35-field_6-container\" class=\"wpforms-field wpforms-field-text\" data-field-id=\"6\"><label class=\"wpforms-field-label\" for=\"wpforms-35-field_6\">Courriel <span class=\"wpforms-required-label\">*<\/span><\/label><input type=\"text\" id=\"wpforms-35-field_6\" class=\"wpforms-field-large wpforms-field-required\" name=\"wpforms[fields][6]\" required><div class=\"wpforms-field-description\">Nous ne partageons pas votre adresse, soyez sans crainte.<\/div><\/div><div id=\"wpforms-35-field_11-container\" class=\"wpforms-field wpforms-field-radio\" data-field-id=\"11\"><label class=\"wpforms-field-label\" for=\"wpforms-35-field_11\">Une fois par mois nous envoyons des informations relatives \u00e0 l&#039;immobilier. D\u00e9sirez -vous recevoir ces informations? <\/label><ul id=\"wpforms-35-field_11\"><li class=\"choice-1 depth-1\"><input type=\"radio\" id=\"wpforms-35-field_11_1\" name=\"wpforms[fields][11]\" value=\"Oui\"  ><label class=\"wpforms-field-label-inline\" for=\"wpforms-35-field_11_1\">Oui<\/label><\/li><li class=\"choice-2 depth-1\"><input type=\"radio\" id=\"wpforms-35-field_11_2\" name=\"wpforms[fields][11]\" value=\"Non\"  ><label class=\"wpforms-field-label-inline\" for=\"wpforms-35-field_11_2\">Non<\/label><\/li><\/ul><\/div><div id=\"wpforms-35-field_36-container\" class=\"wpforms-field wpforms-field-textarea\" data-field-id=\"36\"><label class=\"wpforms-field-label\" for=\"wpforms-35-field_36\">Que faites-vous comme travail? Indiquer aussi pour le co-demandeur. <span class=\"wpforms-required-label\">*<\/span><\/label><textarea id=\"wpforms-35-field_36\" class=\"wpforms-field-medium wpforms-field-required\" name=\"wpforms[fields][36]\" required><\/textarea><\/div><div id=\"wpforms-35-field_13-container\" class=\"wpforms-field wpforms-field-radio\" data-field-id=\"13\"><label class=\"wpforms-field-label\" for=\"wpforms-35-field_13\">Avez-vous d\u00e9j\u00e0 \u00e9t\u00e9 propri\u00e9taire d&#039;une maison? <span class=\"wpforms-required-label\">*<\/span><\/label><ul id=\"wpforms-35-field_13\" class=\"wpforms-field-required\"><li class=\"choice-1 depth-1\"><input type=\"radio\" id=\"wpforms-35-field_13_1\" name=\"wpforms[fields][13]\" value=\"Oui\" required ><label class=\"wpforms-field-label-inline\" for=\"wpforms-35-field_13_1\">Oui<\/label><\/li><li class=\"choice-2 depth-1\"><input type=\"radio\" id=\"wpforms-35-field_13_2\" name=\"wpforms[fields][13]\" value=\"Non\" required ><label class=\"wpforms-field-label-inline\" for=\"wpforms-35-field_13_2\">Non<\/label><\/li><\/ul><\/div><div id=\"wpforms-35-field_18-container\" class=\"wpforms-field wpforms-field-textarea\" data-field-id=\"18\"><label class=\"wpforms-field-label\" for=\"wpforms-35-field_18\">Dans quelle ville\/quartier d\u00e9sirez-vous vous installer? <span class=\"wpforms-required-label\">*<\/span><\/label><textarea id=\"wpforms-35-field_18\" class=\"wpforms-field-medium wpforms-field-required\" name=\"wpforms[fields][18]\" required><\/textarea><\/div><div id=\"wpforms-35-field_21-container\" class=\"wpforms-field wpforms-field-text\" data-field-id=\"21\"><label class=\"wpforms-field-label\" for=\"wpforms-35-field_21\">Nombre minimal de chambres \u00e0 coucher d\u00e9sir\u00e9es?<\/label><input type=\"text\" id=\"wpforms-35-field_21\" class=\"wpforms-field-small wpforms-masked-input\" data-inputmask-mask=\"9\" data-rule-empty-blanks=\"1\" name=\"wpforms[fields][21]\" ><\/div><div id=\"wpforms-35-field_20-container\" class=\"wpforms-field wpforms-field-text\" data-field-id=\"20\"><label class=\"wpforms-field-label\" for=\"wpforms-35-field_20\">Nombre minimal de salles de bain d\u00e9sir\u00e9es?<\/label><input type=\"text\" id=\"wpforms-35-field_20\" class=\"wpforms-field-small wpforms-masked-input\" data-inputmask-mask=\"9\" data-rule-empty-blanks=\"1\" name=\"wpforms[fields][20]\" ><\/div><div id=\"wpforms-35-field_22-container\" class=\"wpforms-field wpforms-field-text\" data-field-id=\"22\"><label class=\"wpforms-field-label\" for=\"wpforms-35-field_22\">Combien d&#039;adultes habiteront dans votre maison? <span class=\"wpforms-required-label\">*<\/span><\/label><input type=\"text\" id=\"wpforms-35-field_22\" class=\"wpforms-field-small wpforms-field-required wpforms-masked-input\" data-inputmask-mask=\"9\" data-rule-empty-blanks=\"1\" name=\"wpforms[fields][22]\" required><\/div><div id=\"wpforms-35-field_42-container\" class=\"wpforms-field wpforms-field-text\" data-field-id=\"42\"><label class=\"wpforms-field-label\" for=\"wpforms-35-field_42\">Combien d&#039;enfants habiteront dans votre maison? <span class=\"wpforms-required-label\">*<\/span><\/label><input type=\"text\" id=\"wpforms-35-field_42\" class=\"wpforms-field-small wpforms-field-required wpforms-masked-input\" data-inputmask-mask=\"9\" data-rule-empty-blanks=\"1\" name=\"wpforms[fields][42]\" required><\/div><div id=\"wpforms-35-field_23-container\" class=\"wpforms-field wpforms-field-text\" data-field-id=\"23\"><label class=\"wpforms-field-label\" for=\"wpforms-35-field_23\">Combien d&#039;adolescents habiteront dans votre maison? <span class=\"wpforms-required-label\">*<\/span><\/label><input type=\"text\" id=\"wpforms-35-field_23\" class=\"wpforms-field-small wpforms-field-required wpforms-masked-input\" data-inputmask-mask=\"9\" data-rule-empty-blanks=\"1\" name=\"wpforms[fields][23]\" required><\/div><div id=\"wpforms-35-field_24-container\" class=\"wpforms-field wpforms-field-text\" data-field-id=\"24\"><label class=\"wpforms-field-label\" for=\"wpforms-35-field_24\">Combien d&#039;animaux de compagnie habiteront avec vous? <span class=\"wpforms-required-label\">*<\/span><\/label><input type=\"text\" id=\"wpforms-35-field_24\" class=\"wpforms-field-small wpforms-field-required wpforms-masked-input\" data-inputmask-mask=\"9\" data-rule-empty-blanks=\"1\" name=\"wpforms[fields][24]\" required><\/div><div id=\"wpforms-35-field_25-container\" class=\"wpforms-field wpforms-field-textarea\" data-field-id=\"25\"><label class=\"wpforms-field-label\" for=\"wpforms-35-field_25\">Parlez-nous de vos animaux de compagnie<\/label><textarea id=\"wpforms-35-field_25\" class=\"wpforms-field-medium\" name=\"wpforms[fields][25]\" ><\/textarea><\/div><div id=\"wpforms-35-field_26-container\" class=\"wpforms-field wpforms-field-textarea\" data-field-id=\"26\"><label class=\"wpforms-field-label\" for=\"wpforms-35-field_26\">Quelles autres caract\u00e9ristiques  sont importantes pour vous dans votre nouvelle maison? <span class=\"wpforms-required-label\">*<\/span><\/label><textarea id=\"wpforms-35-field_26\" class=\"wpforms-field-medium wpforms-field-required\" name=\"wpforms[fields][26]\" required><\/textarea><div class=\"wpforms-field-description\">Par exemple : garage, patio, grande cour, pr\u00e8s d'une \u00e9cole, etc.<\/div><\/div><div id=\"wpforms-35-field_16-container\" class=\"wpforms-field wpforms-field-checkbox\" data-field-id=\"16\"><label class=\"wpforms-field-label\" for=\"wpforms-35-field_16\">Avez-vous d\u00e9j\u00e0 fait l&#039;objet <span class=\"wpforms-required-label\">*<\/span><\/label><ul id=\"wpforms-35-field_16\" class=\"wpforms-field-required\"><li class=\"choice-5 depth-1\"><input type=\"checkbox\" id=\"wpforms-35-field_16_5\" name=\"wpforms[fields][16][]\" value=\"Ne s&#039;applique pas\" required ><label class=\"wpforms-field-label-inline\" for=\"wpforms-35-field_16_5\">Ne s'applique pas<\/label><\/li><li class=\"choice-1 depth-1\"><input type=\"checkbox\" id=\"wpforms-35-field_16_1\" name=\"wpforms[fields][16][]\" value=\"D&#039;une faillite\" required ><label class=\"wpforms-field-label-inline\" for=\"wpforms-35-field_16_1\">D'une faillite<\/label><\/li><li class=\"choice-2 depth-1\"><input type=\"checkbox\" id=\"wpforms-35-field_16_2\" name=\"wpforms[fields][16][]\" value=\"D&#039;une reprise de finance\" required ><label class=\"wpforms-field-label-inline\" for=\"wpforms-35-field_16_2\">D'une reprise de finance<\/label><\/li><li class=\"choice-3 depth-1\"><input type=\"checkbox\" id=\"wpforms-35-field_16_3\" name=\"wpforms[fields][16][]\" value=\"Saisie\" required ><label class=\"wpforms-field-label-inline\" for=\"wpforms-35-field_16_3\">Saisie<\/label><\/li><li class=\"choice-4 depth-1\"><input type=\"checkbox\" id=\"wpforms-35-field_16_4\" name=\"wpforms[fields][16][]\" value=\"Autre\" required ><label class=\"wpforms-field-label-inline\" for=\"wpforms-35-field_16_4\">Autre<\/label><\/li><\/ul><\/div><div id=\"wpforms-35-field_15-container\" class=\"wpforms-field wpforms-field-textarea\" data-field-id=\"15\"><label class=\"wpforms-field-label\" for=\"wpforms-35-field_15\">Pouvez-vous nous donner plus de d\u00e9tails sur votre faillite ou reprise de finance?<\/label><textarea id=\"wpforms-35-field_15\" class=\"wpforms-field-medium\" name=\"wpforms[fields][15]\" ><\/textarea><\/div><div id=\"wpforms-35-field_43-container\" class=\"wpforms-field wpforms-field-text\" data-field-id=\"43\"><label class=\"wpforms-field-label\" for=\"wpforms-35-field_43\">Adresse actuelle <span class=\"wpforms-required-label\">*<\/span><\/label><input type=\"text\" id=\"wpforms-35-field_43\" class=\"wpforms-field-large wpforms-field-required\" name=\"wpforms[fields][43]\" required><\/div><div id=\"wpforms-35-field_44-container\" class=\"wpforms-field wpforms-field-text\" data-field-id=\"44\"><label class=\"wpforms-field-label\" for=\"wpforms-35-field_44\">Depuis combien de temps demeurez-vous \u00e0 cette adresse? <span class=\"wpforms-required-label\">*<\/span><\/label><input type=\"text\" id=\"wpforms-35-field_44\" class=\"wpforms-field-medium wpforms-field-required\" name=\"wpforms[fields][44]\" required><\/div><div id=\"wpforms-35-field_27-container\" class=\"wpforms-field wpforms-field-text\" data-field-id=\"27\"><label class=\"wpforms-field-label\" for=\"wpforms-35-field_27\">\u00c0 quelle date devez-vous d\u00e9m\u00e9nager? <span class=\"wpforms-required-label\">*<\/span><\/label><input type=\"text\" id=\"wpforms-35-field_27\" class=\"wpforms-field-medium wpforms-field-required\" name=\"wpforms[fields][27]\" required><\/div><div id=\"wpforms-35-field_29-container\" class=\"wpforms-field wpforms-field-textarea\" data-field-id=\"29\"><label class=\"wpforms-field-label\" for=\"wpforms-35-field_29\">Pour quelle raison d\u00e9m\u00e9nagez-vous? <span class=\"wpforms-required-label\">*<\/span><\/label><textarea id=\"wpforms-35-field_29\" class=\"wpforms-field-medium wpforms-field-required\" name=\"wpforms[fields][29]\" required><\/textarea><\/div><div id=\"wpforms-35-field_30-container\" class=\"wpforms-field wpforms-field-text\" data-field-id=\"30\"><label class=\"wpforms-field-label\" for=\"wpforms-35-field_30\">Quel est le montant de votre loyer actuel? <span class=\"wpforms-required-label\">*<\/span><\/label><input type=\"text\" id=\"wpforms-35-field_30\" class=\"wpforms-field-medium wpforms-field-required\" name=\"wpforms[fields][30]\" required><\/div><div id=\"wpforms-35-field_31-container\" class=\"wpforms-field wpforms-field-checkbox wpforms-list-2-columns\" data-field-id=\"31\"><label class=\"wpforms-field-label\" for=\"wpforms-35-field_31\">Qu&#039;est-ce qui est inclus dans votre bail?<\/label><ul id=\"wpforms-35-field_31\"><li class=\"choice-1 depth-1\"><input type=\"checkbox\" id=\"wpforms-35-field_31_1\" name=\"wpforms[fields][31][]\" value=\"Chauffage\"  ><label class=\"wpforms-field-label-inline\" for=\"wpforms-35-field_31_1\">Chauffage<\/label><\/li><li class=\"choice-3 depth-1\"><input type=\"checkbox\" id=\"wpforms-35-field_31_3\" name=\"wpforms[fields][31][]\" value=\"\u00c9lectricit\u00e9\"  ><label class=\"wpforms-field-label-inline\" for=\"wpforms-35-field_31_3\">\u00c9lectricit\u00e9<\/label><\/li><li class=\"choice-2 depth-1\"><input type=\"checkbox\" id=\"wpforms-35-field_31_2\" name=\"wpforms[fields][31][]\" value=\"Gaz naturel\"  ><label class=\"wpforms-field-label-inline\" for=\"wpforms-35-field_31_2\">Gaz naturel<\/label><\/li><li class=\"choice-7 depth-1\"><input type=\"checkbox\" id=\"wpforms-35-field_31_7\" name=\"wpforms[fields][31][]\" value=\"Taxe d&#039;eau\"  ><label class=\"wpforms-field-label-inline\" for=\"wpforms-35-field_31_7\">Taxe d'eau<\/label><\/li><li class=\"choice-6 depth-1\"><input type=\"checkbox\" id=\"wpforms-35-field_31_6\" name=\"wpforms[fields][31][]\" value=\"Stationnement\"  ><label class=\"wpforms-field-label-inline\" for=\"wpforms-35-field_31_6\">Stationnement<\/label><\/li><li class=\"choice-4 depth-1\"><input type=\"checkbox\" id=\"wpforms-35-field_31_4\" name=\"wpforms[fields][31][]\" value=\"Rangement\/garage\/remise\"  ><label class=\"wpforms-field-label-inline\" for=\"wpforms-35-field_31_4\">Rangement\/garage\/remise<\/label><\/li><li class=\"choice-5 depth-1\"><input type=\"checkbox\" id=\"wpforms-35-field_31_5\" name=\"wpforms[fields][31][]\" value=\"Acc\u00e8s \u00e0 la cour\"  ><label class=\"wpforms-field-label-inline\" for=\"wpforms-35-field_31_5\">Acc\u00e8s \u00e0 la cour<\/label><\/li><\/ul><\/div><div id=\"wpforms-35-field_32-container\" class=\"wpforms-field wpforms-field-text\" data-field-id=\"32\"><label class=\"wpforms-field-label\" for=\"wpforms-35-field_32\">Quel serait le montant mensuel maximal que vous pourriez investir dans  votre nouvel maison? <span class=\"wpforms-required-label\">*<\/span><\/label><input type=\"text\" id=\"wpforms-35-field_32\" class=\"wpforms-field-medium wpforms-field-required\" name=\"wpforms[fields][32]\" required><div class=\"wpforms-field-description\">Voici un lien permettant d'effectuer le calcul : <a href=\"https:\/\/www.multi-prets.com\/fr\/Outils\/Calculatrices\" target=\"_blank\">Calculateurs en ligne<\/a><\/div><\/div><div id=\"wpforms-35-field_33-container\" class=\"wpforms-field wpforms-field-text\" data-field-id=\"33\"><label class=\"wpforms-field-label\" for=\"wpforms-35-field_33\">Afin de d\u00e9terminer le type de maison que vous pouvez acheter, quel est votre revenu brut ou votre revenu combin\u00e9 (si vous \u00eates deux)? <span class=\"wpforms-required-label\">*<\/span><\/label><input type=\"text\" id=\"wpforms-35-field_33\" class=\"wpforms-field-medium wpforms-field-required\" name=\"wpforms[fields][33]\" required><\/div><div id=\"wpforms-35-field_34-container\" class=\"wpforms-field wpforms-field-text\" data-field-id=\"34\"><label class=\"wpforms-field-label\" for=\"wpforms-35-field_34\">Quel est votre score de cr\u00e9dit?<\/label><input type=\"text\" id=\"wpforms-35-field_34\" class=\"wpforms-field-small\" name=\"wpforms[fields][34]\" ><div class=\"wpforms-field-description\">Vous pouvez obtenir cette information <strong>gratuitement et sans impact sur votre score <\/strong>sur le site Web de <a  href=\"https:\/\/borrowell.com\/free-credit-score?utm_campaign=Refer&utm_medium=web&utm_source=refer2021-1965385\"> Borrowell.com <\/a>. \r\n<br>Le programme comprend une analyse et des suggestions qui vous permettront d'augmenter votre score et ainsi pouvoir emprunter pour votre maison \u00e0 la fin du programme.\r\n<\/div><\/div><div id=\"wpforms-35-field_35-container\" class=\"wpforms-field wpforms-field-text\" data-field-id=\"35\"><label class=\"wpforms-field-label\" for=\"wpforms-35-field_35\">Quel est le score de cr\u00e9dit du co-demandeur?<\/label><input type=\"text\" id=\"wpforms-35-field_35\" class=\"wpforms-field-small\" name=\"wpforms[fields][35]\" ><\/div><div id=\"wpforms-35-field_37-container\" class=\"wpforms-field wpforms-field-text\" data-field-id=\"37\"><label class=\"wpforms-field-label\" for=\"wpforms-35-field_37\">De combien d&#039;argent disposez-vous pour une mise de fonds sur votre future maison?  <span class=\"wpforms-required-label\">*<\/span><\/label><input type=\"text\" id=\"wpforms-35-field_37\" class=\"wpforms-field-medium wpforms-field-required\" name=\"wpforms[fields][37]\" required><div class=\"wpforms-field-description\">Plus le montant que vous poss\u00e9dez est \u00e9lev\u00e9 au d\u00e9part, plus bas sont les frais mensuels.<\/div><\/div><div id=\"wpforms-35-field_39-container\" class=\"wpforms-field wpforms-field-textarea\" data-field-id=\"39\"><label class=\"wpforms-field-label\" for=\"wpforms-35-field_39\">Si vous ne poss\u00e9dez pas de liquidit\u00e9, poss\u00e9dez-vous d&#039;autres objets de valeur?<\/label><textarea id=\"wpforms-35-field_39\" class=\"wpforms-field-medium\" name=\"wpforms[fields][39]\" ><\/textarea><div class=\"wpforms-field-description\">Par exemple: moto, bateau, roulotte, etc.<\/div><\/div><div id=\"wpforms-35-field_40-container\" class=\"wpforms-field wpforms-field-textarea\" data-field-id=\"40\"><label class=\"wpforms-field-label\" for=\"wpforms-35-field_40\">Avez-vous des questions concernant le programme de propri\u00e9taire en r\u00e9sidence?<\/label><textarea id=\"wpforms-35-field_40\" class=\"wpforms-field-medium\" name=\"wpforms[fields][40]\" ><\/textarea><\/div><div id=\"wpforms-35-field_41-container\" class=\"wpforms-field wpforms-field-textarea\" data-field-id=\"41\"><label class=\"wpforms-field-label\" for=\"wpforms-35-field_41\">Quel serait le meilleur moment (jour\/heure) pour vous contactez? <span class=\"wpforms-required-label\">*<\/span><\/label><textarea id=\"wpforms-35-field_41\" class=\"wpforms-field-medium wpforms-field-required\" name=\"wpforms[fields][41]\" required><\/textarea><\/div><\/div><div class=\"wpforms-field wpforms-field-hp\"><label for=\"wpforms-35-field-hp\" class=\"wpforms-field-label\">Phone<\/label><input type=\"text\" name=\"wpforms[hp]\" id=\"wpforms-35-field-hp\" class=\"wpforms-field-medium\"><\/div><div class=\"wpforms-submit-container\"><input type=\"hidden\" name=\"wpforms[id]\" value=\"35\"><input type=\"hidden\" name=\"wpforms[author]\" value=\"1\"><button type=\"submit\" name=\"wpforms[submit]\" id=\"wpforms-submit-35\" class=\"wpforms-submit\" data-alt-text=\"Envoyer...\" data-submit-text=\"Envoyer\" aria-live=\"assertive\" value=\"wpforms-submit\">Envoyer<\/button><\/div><\/form><\/div>  <!-- .wpforms-container -->","protected":false},"excerpt":{"rendered":"<p>Please complete this form so that we can validate your eligibility for the program.<\/p>","protected":false},"author":1,"featured_media":0,"parent":0,"menu_order":0,"comment_status":"closed","ping_status":"closed","template":"","meta":{"_monsterinsights_skip_tracking":false,"_monsterinsights_sitenote_active":false,"_monsterinsights_sitenote_note":"","_monsterinsights_sitenote_category":0},"_links":{"self":[{"href":"https:\/\/fractalsolution.ca\/en\/wp-json\/wp\/v2\/pages\/36"}],"collection":[{"href":"https:\/\/fractalsolution.ca\/en\/wp-json\/wp\/v2\/pages"}],"about":[{"href":"https:\/\/fractalsolution.ca\/en\/wp-json\/wp\/v2\/types\/page"}],"author":[{"embeddable":true,"href":"https:\/\/fractalsolution.ca\/en\/wp-json\/wp\/v2\/users\/1"}],"replies":[{"embeddable":true,"href":"https:\/\/fractalsolution.ca\/en\/wp-json\/wp\/v2\/comments?post=36"}],"version-history":[{"count":8,"href":"https:\/\/fractalsolution.ca\/en\/wp-json\/wp\/v2\/pages\/36\/revisions"}],"predecessor-version":[{"id":312,"href":"https:\/\/fractalsolution.ca\/en\/wp-json\/wp\/v2\/pages\/36\/revisions\/312"}],"wp:attachment":[{"href":"https:\/\/fractalsolution.ca\/en\/wp-json\/wp\/v2\/media?parent=36"}],"curies":[{"name":"wp","href":"https:\/\/api.w.org\/{rel}","templated":true}]}}