{"id":76,"date":"2018-05-20T22:27:48","date_gmt":"2018-05-20T22:27:48","guid":{"rendered":"http:\/\/fractalsolution.ca\/?page_id=76"},"modified":"2022-02-11T15:10:39","modified_gmt":"2022-02-11T15:10:39","slug":"programme-de-reference","status":"publish","type":"page","link":"https:\/\/fractalsolution.ca\/en\/programme-de-reference\/","title":{"rendered":"Reference program"},"content":{"rendered":"<p><img decoding=\"async\" loading=\"lazy\" class=\"alignleft wp-image-193\" src=\"https:\/\/i0.wp.com\/fractalsolution.ca\/wp-content\/uploads\/2018\/05\/london-scout-41030-unsplash-300x200.jpg?resize=300%2C200\" alt=\"\" width=\"300\" height=\"200\" srcset=\"https:\/\/i0.wp.com\/fractalsolution.ca\/wp-content\/uploads\/2018\/05\/london-scout-41030-unsplash.jpg?resize=300%2C200&amp;ssl=1 300w, https:\/\/i0.wp.com\/fractalsolution.ca\/wp-content\/uploads\/2018\/05\/london-scout-41030-unsplash.jpg?resize=768%2C512&amp;ssl=1 768w, https:\/\/i0.wp.com\/fractalsolution.ca\/wp-content\/uploads\/2018\/05\/london-scout-41030-unsplash.jpg?resize=1024%2C683&amp;ssl=1 1024w, https:\/\/i0.wp.com\/fractalsolution.ca\/wp-content\/uploads\/2018\/05\/london-scout-41030-unsplash.jpg?w=1575&amp;ssl=1 1575w\" sizes=\"(max-width: 300px) 100vw, 300px\" data-recalc-dims=\"1\" \/><\/p>\n<p><span style=\"font-size: 1rem;\">We believe that the best references always come from those who know us.\u00a0<\/span><\/p>\n<p>Do you know someone who is looking for a cozy little nest and who could benefit from our help?<\/p>\n<p>To express our gratitude, we will send you a referral  for any referral that undertakes the In your home now Program.<\/p>\n<h2>Mortgage Brokers<\/h2>\n<p>You have clients who do not qualify for a traditional mortgage?<\/p>\n<p>We can help you.<\/p>\n<p>This way your efforts will not have been in vain since we could get you two mortgages for a house.<br \/>\n<img decoding=\"async\" loading=\"lazy\" class=\"alignleft wp-image-166\" style=\"font-size: 1rem;\" src=\"https:\/\/i0.wp.com\/fractalsolution.ca\/wp-content\/uploads\/2018\/05\/helloquence-51716-unsplash-300x200.jpg?resize=300%2C200\" alt=\"\" width=\"300\" height=\"200\" srcset=\"https:\/\/i0.wp.com\/fractalsolution.ca\/wp-content\/uploads\/2018\/05\/helloquence-51716-unsplash.jpg?resize=300%2C200&amp;ssl=1 300w, https:\/\/i0.wp.com\/fractalsolution.ca\/wp-content\/uploads\/2018\/05\/helloquence-51716-unsplash.jpg?resize=768%2C513&amp;ssl=1 768w, https:\/\/i0.wp.com\/fractalsolution.ca\/wp-content\/uploads\/2018\/05\/helloquence-51716-unsplash.jpg?resize=1024%2C683&amp;ssl=1 1024w, https:\/\/i0.wp.com\/fractalsolution.ca\/wp-content\/uploads\/2018\/05\/helloquence-51716-unsplash.jpg?w=1575&amp;ssl=1 1575w\" sizes=\"(max-width: 300px) 100vw, 300px\" data-recalc-dims=\"1\" \/><\/p>\n<h2>Realtors<\/h2>\n<p>Your clients were unable to obtain financing for their home or do not have the required down payment to complete the purchase?<\/p>\n<p><span style=\"font-size: 1rem;\">We can help you save the day if your clients qualify for the Homeowner Program.<\/span><\/p>\n<p><img decoding=\"async\" loading=\"lazy\" class=\"alignleft wp-image-163\" style=\"font-size: 1rem;\" src=\"https:\/\/i0.wp.com\/fractalsolution.ca\/wp-content\/uploads\/2018\/05\/rawpixel-423665-unsplash-300x191.jpg?resize=300%2C191\" alt=\"\" width=\"300\" height=\"191\" srcset=\"https:\/\/i0.wp.com\/fractalsolution.ca\/wp-content\/uploads\/2018\/05\/rawpixel-423665-unsplash.jpg?resize=300%2C191&amp;ssl=1 300w, https:\/\/i0.wp.com\/fractalsolution.ca\/wp-content\/uploads\/2018\/05\/rawpixel-423665-unsplash.jpg?resize=768%2C488&amp;ssl=1 768w, https:\/\/i0.wp.com\/fractalsolution.ca\/wp-content\/uploads\/2018\/05\/rawpixel-423665-unsplash.jpg?resize=1024%2C651&amp;ssl=1 1024w, https:\/\/i0.wp.com\/fractalsolution.ca\/wp-content\/uploads\/2018\/05\/rawpixel-423665-unsplash.jpg?w=1575&amp;ssl=1 1575w\" sizes=\"(max-width: 300px) 100vw, 300px\" data-recalc-dims=\"1\" \/><span style=\"font-size: 1rem;\"><br \/>\n<\/span><\/p>","protected":false},"excerpt":{"rendered":"<p>Nous croyons que les meilleurs r\u00e9f\u00e9rences provienennt toujours de ceux qui nous connaissent.\u00a0 Vous connaissez quelqu&rsquo;un qui cherche un petit nid douillet et qui pourrait b\u00e9n\u00e9ficier de notre aide? Pour vous d\u00e9montrer notre gratitude, nous vous ferons parvenir une prime pour toute r\u00e9f\u00e9rence qui entreprend le programme &laquo; Votre maison maintenant &raquo;. Courtiers hypoth\u00e9caires Vous &hellip; <\/p>\n<p class=\"link-more\"><a href=\"https:\/\/fractalsolution.ca\/en\/programme-de-reference\/\" class=\"more-link\">Continue reading<span class=\"screen-reader-text\"> &laquo; Programme de r\u00e9f\u00e9rence &raquo;<\/span><\/a><\/p>","protected":false},"author":1,"featured_media":143,"parent":0,"menu_order":0,"comment_status":"closed","ping_status":"closed","template":"","meta":{"_monsterinsights_skip_tracking":false,"_monsterinsights_sitenote_active":false,"_monsterinsights_sitenote_note":"","_monsterinsights_sitenote_category":0},"_links":{"self":[{"href":"https:\/\/fractalsolution.ca\/en\/wp-json\/wp\/v2\/pages\/76"}],"collection":[{"href":"https:\/\/fractalsolution.ca\/en\/wp-json\/wp\/v2\/pages"}],"about":[{"href":"https:\/\/fractalsolution.ca\/en\/wp-json\/wp\/v2\/types\/page"}],"author":[{"embeddable":true,"href":"https:\/\/fractalsolution.ca\/en\/wp-json\/wp\/v2\/users\/1"}],"replies":[{"embeddable":true,"href":"https:\/\/fractalsolution.ca\/en\/wp-json\/wp\/v2\/comments?post=76"}],"version-history":[{"count":24,"href":"https:\/\/fractalsolution.ca\/en\/wp-json\/wp\/v2\/pages\/76\/revisions"}],"predecessor-version":[{"id":388,"href":"https:\/\/fractalsolution.ca\/en\/wp-json\/wp\/v2\/pages\/76\/revisions\/388"}],"wp:featuredmedia":[{"embeddable":true,"href":"https:\/\/fractalsolution.ca\/en\/wp-json\/wp\/v2\/media\/143"}],"wp:attachment":[{"href":"https:\/\/fractalsolution.ca\/en\/wp-json\/wp\/v2\/media?parent=76"}],"curies":[{"name":"wp","href":"https:\/\/api.w.org\/{rel}","templated":true}]}}